{"id":25,"date":"2025-01-31T12:07:26","date_gmt":"2025-01-31T11:07:26","guid":{"rendered":"http:\/\/editionsducriquet.fr\/?page_id=25"},"modified":"2026-03-12T15:16:04","modified_gmt":"2026-03-12T14:16:04","slug":"publications","status":"publish","type":"page","link":"http:\/\/editionsducriquet.fr\/publications\/","title":{"rendered":"Publications"},"content":{"rendered":"\n<figure class=\"wp-block-embed is-type-rich is-provider-amazon wp-block-embed-amazon\"><div class=\"wp-block-embed__wrapper\">\n<iframe loading=\"lazy\" title=\"L\u2019odyss\u00e9e d\u2019Hilaire P\u00e9ri\u00e9 1780-1833: Retour \u00e0 l\u2019antique \u00e0 l&#039;aube du romantisme (Historiques)\" type=\"text\/html\" width=\"750\" height=\"550\" frameborder=\"0\" allowfullscreen style=\"max-width:100%\" src=\"https:\/\/lire.amazon.fr\/kp\/card?preview=inline&#038;linkCode=kpd&#038;ref_=k4w_oembed_5CWnKeyAwPfLCu&#038;asin=B0GQCR9JB1&#038;tag=kpembed-20\"><\/iframe>\n<\/div><\/figure>\n\n\n\n<figure class=\"wp-block-image size-full\"><img decoding=\"async\" src=\"https:\/\/editionsducriquet.fr\/wp-content\/uploads\/2026\/03\/Sans-titre-1-1.tiff\" alt=\"\" class=\"wp-image-103\"\/><figcaption class=\"wp-element-caption\">Screenshot<\/figcaption><\/figure>\n\n\n\n<p>Pour commander sur Amazon:<a href=\"https:\/\/www.amazon.fr\/Lodyss\u00e9e-dHilaire-P\u00e9ri\u00e9-1780-1833-Historiques-ebook\/dp\/B0GQCR9JB1\/ref=sr_1_1?__mk_fr_FR=\u00c5M\u00c5\u017d\u00d5\u00d1&amp;crid=1DV5FQHU02C8H&amp;dib=eyJ2IjoiMSJ9.xbsaQ_Trby9Zl4X703RIgDfsq_ROspr_ir2hiChF7SgNC_xJ-4eNLitCvEbWJqpjhH_cBv28_OnPYly_fpdKlwdK74xFjcGSxmWcn23pGkJDy3W02IaLYKZ-VmASZgt89dCKP-pXLHDsTzXGqCukA5W6hSc2bHwP-oSqR8-YRsT0nlMLwfIrQ6Ca87prXLtXpwniBb9yjVMY0saX04NYCHlNgHQQpWZ09pSEC3JuFzE.CrbxfxFdSmwQiLXfM8WtKOCxqrpzQQXAi4Q83DuUrHU&amp;dib_tag=se&amp;keywords=rimailho&amp;qid=1773324439&amp;s=books&amp;sprefix=rimailho%2Cstripbooks%2C313&amp;sr=1-1-catcorr\">https:\/\/www.amazon.fr\/Lodyss\u00e9e-dHilaire-P\u00e9ri\u00e9-1780-1833-Historiques-<\/a><\/p>\n\n\n\n<p><\/p>\n","protected":false},"excerpt":{"rendered":"<p>Pour commander sur Amazon:https:\/\/www.amazon.fr\/Lodyss\u00e9e-dHilaire-P\u00e9ri\u00e9-1780-1833-Historiques-<\/p>\n","protected":false},"author":1,"featured_media":0,"parent":0,"menu_order":0,"comment_status":"closed","ping_status":"closed","template":"","meta":{"footnotes":""},"class_list":["post-25","page","type-page","status-publish","hentry","entry"],"_links":{"self":[{"href":"http:\/\/editionsducriquet.fr\/wp-json\/wp\/v2\/pages\/25","targetHints":{"allow":["GET"]}}],"collection":[{"href":"http:\/\/editionsducriquet.fr\/wp-json\/wp\/v2\/pages"}],"about":[{"href":"http:\/\/editionsducriquet.fr\/wp-json\/wp\/v2\/types\/page"}],"author":[{"embeddable":true,"href":"http:\/\/editionsducriquet.fr\/wp-json\/wp\/v2\/users\/1"}],"replies":[{"embeddable":true,"href":"http:\/\/editionsducriquet.fr\/wp-json\/wp\/v2\/comments?post=25"}],"version-history":[{"count":7,"href":"http:\/\/editionsducriquet.fr\/wp-json\/wp\/v2\/pages\/25\/revisions"}],"predecessor-version":[{"id":104,"href":"http:\/\/editionsducriquet.fr\/wp-json\/wp\/v2\/pages\/25\/revisions\/104"}],"wp:attachment":[{"href":"http:\/\/editionsducriquet.fr\/wp-json\/wp\/v2\/media?parent=25"}],"curies":[{"name":"wp","href":"https:\/\/api.w.org\/{rel}","templated":true}]}}